{"id":7519,"date":"2022-08-26T08:31:06","date_gmt":"2022-08-26T11:31:06","guid":{"rendered":"https:\/\/graviteon.com.br\/?post_type=product&#038;p=7519"},"modified":"2022-08-26T08:31:06","modified_gmt":"2022-08-26T11:31:06","slug":"cordao-para-cracha-autismo-cordao-em-poliester-acetinado-20-mm-de-largura-personalizado-em-ambos-os-lados-acabamento-em-argola-jacare","status":"publish","type":"product","link":"https:\/\/graviteon.com.br\/index.php\/product\/cordao-para-cracha-autismo-cordao-em-poliester-acetinado-20-mm-de-largura-personalizado-em-ambos-os-lados-acabamento-em-argola-jacare\/","title":{"rendered":"Cord\u00e3o para crach\u00e1 &#8211; Autismo Cord\u00e3o em Poli\u00e9ster Acetinado 20 mm de largura Personalizado em ambos os lados Acabamento em Argola + Jacar\u00e9"},"content":{"rendered":"<p>Cord\u00e3o para crach\u00e1 &#8211; Autismo Cord\u00e3o em Poli\u00e9ster Acetinado 20 mm de largura Personalizado em ambos os lados Acabamento em Argola + Jacar\u00e9<\/p>\n","protected":false},"excerpt":{"rendered":"<p>Cord\u00e3o para crach\u00e1 &#8211; Autismo Cord\u00e3o em Poli\u00e9ster Acetinado 20 mm de largura Personalizado em ambos os lados Acabamento em Argola + Jacar\u00e9<\/p>\n","protected":false},"featured_media":7520,"template":"","meta":{"om_disable_all_campaigns":false,"inline_featured_image":false,"_monsterinsights_skip_tracking":false,"_monsterinsights_sitenote_active":false,"_monsterinsights_sitenote_note":"","_monsterinsights_sitenote_category":0},"product_cat":[55],"product_tag":[],"class_list":{"0":"post-7519","1":"product","2":"type-product","3":"status-publish","4":"has-post-thumbnail","6":"product_cat-cordoes","8":"first","9":"instock","10":"shipping-taxable","11":"purchasable","12":"product-type-simple"},"aioseo_notices":[],"_links":{"self":[{"href":"https:\/\/graviteon.com.br\/index.php\/wp-json\/wp\/v2\/product\/7519","targetHints":{"allow":["GET"]}}],"collection":[{"href":"https:\/\/graviteon.com.br\/index.php\/wp-json\/wp\/v2\/product"}],"about":[{"href":"https:\/\/graviteon.com.br\/index.php\/wp-json\/wp\/v2\/types\/product"}],"wp:featuredmedia":[{"embeddable":true,"href":"https:\/\/graviteon.com.br\/index.php\/wp-json\/wp\/v2\/media\/7520"}],"wp:attachment":[{"href":"https:\/\/graviteon.com.br\/index.php\/wp-json\/wp\/v2\/media?parent=7519"}],"wp:term":[{"taxonomy":"product_cat","embeddable":true,"href":"https:\/\/graviteon.com.br\/index.php\/wp-json\/wp\/v2\/product_cat?post=7519"},{"taxonomy":"product_tag","embeddable":true,"href":"https:\/\/graviteon.com.br\/index.php\/wp-json\/wp\/v2\/product_tag?post=7519"}],"curies":[{"name":"wp","href":"https:\/\/api.w.org\/{rel}","templated":true}]}}