{"id":6698,"date":"2021-04-26T12:10:29","date_gmt":"2021-04-26T15:10:29","guid":{"rendered":"https:\/\/graviteon.com.br\/?post_type=product&#038;p=6698"},"modified":"2021-05-06T09:42:35","modified_gmt":"2021-05-06T12:42:35","slug":"protetor-para-cartoes","status":"publish","type":"product","link":"https:\/\/graviteon.com.br\/index.php\/product\/protetor-para-cartoes\/","title":{"rendered":"Protetor para Cart\u00f5es"},"content":{"rendered":"","protected":false},"excerpt":{"rendered":"<p>Confeccionado em polipropileno (material r\u00edgido), formato \u00fanico para acondicionar cart\u00f5es na medida 54x86mm. Protege seu cart\u00e3o prevenindo contra rachaduras, quebra, umidade e desmagnetiza\u00e7\u00e3o.<\/p>\n<p>Ideal para a prote\u00e7\u00e3o de bilhete \u00fanico, cart\u00e3o de cr\u00e9dito, cart\u00e3o inss, cliente fidelidade, e outros.<\/p>\n<p>Embalagem<br \/>\n100 unidades de cores sortidas e aleat\u00f3rias<\/p>\n<p>Medida Universal Serve Para Todos os cart\u00f5es magn\u00e9ticos<br \/>\n54x86mm<\/p>\n","protected":false},"featured_media":6699,"template":"","meta":{"om_disable_all_campaigns":false,"inline_featured_image":false,"_monsterinsights_skip_tracking":false,"_monsterinsights_sitenote_active":false,"_monsterinsights_sitenote_note":"","_monsterinsights_sitenote_category":0},"product_cat":[56],"product_tag":[62],"class_list":{"0":"post-6698","1":"product","2":"type-product","3":"status-publish","4":"has-post-thumbnail","6":"product_cat-porta-crachas","7":"product_tag-protetor-de-cartoes","9":"first","10":"instock","11":"shipping-taxable","12":"purchasable","13":"product-type-simple"},"aioseo_notices":[],"_links":{"self":[{"href":"https:\/\/graviteon.com.br\/index.php\/wp-json\/wp\/v2\/product\/6698","targetHints":{"allow":["GET"]}}],"collection":[{"href":"https:\/\/graviteon.com.br\/index.php\/wp-json\/wp\/v2\/product"}],"about":[{"href":"https:\/\/graviteon.com.br\/index.php\/wp-json\/wp\/v2\/types\/product"}],"wp:featuredmedia":[{"embeddable":true,"href":"https:\/\/graviteon.com.br\/index.php\/wp-json\/wp\/v2\/media\/6699"}],"wp:attachment":[{"href":"https:\/\/graviteon.com.br\/index.php\/wp-json\/wp\/v2\/media?parent=6698"}],"wp:term":[{"taxonomy":"product_cat","embeddable":true,"href":"https:\/\/graviteon.com.br\/index.php\/wp-json\/wp\/v2\/product_cat?post=6698"},{"taxonomy":"product_tag","embeddable":true,"href":"https:\/\/graviteon.com.br\/index.php\/wp-json\/wp\/v2\/product_tag?post=6698"}],"curies":[{"name":"wp","href":"https:\/\/api.w.org\/{rel}","templated":true}]}}