{"id":6696,"date":"2021-04-26T12:01:58","date_gmt":"2021-04-26T15:01:58","guid":{"rendered":"https:\/\/graviteon.com.br\/?post_type=product&#038;p=6696"},"modified":"2021-04-26T12:01:58","modified_gmt":"2021-04-26T15:01:58","slug":"cartao-mifare","status":"publish","type":"product","link":"https:\/\/graviteon.com.br\/index.php\/product\/cartao-mifare\/","title":{"rendered":"Cart\u00e3o Mifare"},"content":{"rendered":"","protected":false},"excerpt":{"rendered":"<p>Utilizado para o reconhecimento de usu\u00e1rios no controle de ponto e acesso.<br \/>\nApresentam alta resist\u00eancia mec\u00e2nica contra riscos e quedas.<br \/>\nPossibilita grava\u00e7\u00e3o de um c\u00f3digo de reconhecimento.<br \/>\nO acesso aos dados somente com chaves de acesso customizadas.<br \/>\nProduzidos em PVC.<\/p>\n","protected":false},"featured_media":6697,"template":"","meta":{"om_disable_all_campaigns":false,"inline_featured_image":false,"_monsterinsights_skip_tracking":false,"_monsterinsights_sitenote_active":false,"_monsterinsights_sitenote_note":"","_monsterinsights_sitenote_category":0},"product_cat":[51],"product_tag":[],"class_list":{"0":"post-6696","1":"product","2":"type-product","3":"status-publish","4":"has-post-thumbnail","6":"product_cat-crachas-em-pvc","8":"first","9":"instock","10":"shipping-taxable","11":"purchasable","12":"product-type-simple"},"aioseo_notices":[],"_links":{"self":[{"href":"https:\/\/graviteon.com.br\/index.php\/wp-json\/wp\/v2\/product\/6696","targetHints":{"allow":["GET"]}}],"collection":[{"href":"https:\/\/graviteon.com.br\/index.php\/wp-json\/wp\/v2\/product"}],"about":[{"href":"https:\/\/graviteon.com.br\/index.php\/wp-json\/wp\/v2\/types\/product"}],"wp:featuredmedia":[{"embeddable":true,"href":"https:\/\/graviteon.com.br\/index.php\/wp-json\/wp\/v2\/media\/6697"}],"wp:attachment":[{"href":"https:\/\/graviteon.com.br\/index.php\/wp-json\/wp\/v2\/media?parent=6696"}],"wp:term":[{"taxonomy":"product_cat","embeddable":true,"href":"https:\/\/graviteon.com.br\/index.php\/wp-json\/wp\/v2\/product_cat?post=6696"},{"taxonomy":"product_tag","embeddable":true,"href":"https:\/\/graviteon.com.br\/index.php\/wp-json\/wp\/v2\/product_tag?post=6696"}],"curies":[{"name":"wp","href":"https:\/\/api.w.org\/{rel}","templated":true}]}}