{"id":6694,"date":"2021-04-26T11:22:20","date_gmt":"2021-04-26T14:22:20","guid":{"rendered":"https:\/\/graviteon.com.br\/?post_type=product&#038;p=6694"},"modified":"2021-04-26T11:22:20","modified_gmt":"2021-04-26T14:22:20","slug":"cartoes-de-proximidade","status":"publish","type":"product","link":"https:\/\/graviteon.com.br\/index.php\/product\/cartoes-de-proximidade\/","title":{"rendered":"Cart\u00f5es de proximidade"},"content":{"rendered":"","protected":false},"excerpt":{"rendered":"<p>Facilitam o reconhecimento do usu\u00e1rio no controle de ponto e acesso.<br \/>\nApresentam alta resist\u00eancia mec\u00e2nica contra riscos e quedas.<br \/>\nPossuem um c\u00f3digo \u00fanico pr\u00e9-gravado e impresso na lateral do cart\u00e3o.<br \/>\nOs cart\u00f5es da linha ISO Card permitem impress\u00e3o em ambos os lados.<br \/>\nProduzidos em ABS e PVC.\u00a0 Fazemos toda parte gr\u00e1fica de personaliza\u00e7\u00e3o de seus cart\u00f5es.<\/p>\n<p>&nbsp;<\/p>\n","protected":false},"featured_media":6695,"template":"","meta":{"om_disable_all_campaigns":false,"inline_featured_image":false,"_monsterinsights_skip_tracking":false,"_monsterinsights_sitenote_active":false,"_monsterinsights_sitenote_note":"","_monsterinsights_sitenote_category":0},"product_cat":[51],"product_tag":[],"class_list":{"0":"post-6694","1":"product","2":"type-product","3":"status-publish","4":"has-post-thumbnail","6":"product_cat-crachas-em-pvc","8":"first","9":"instock","10":"shipping-taxable","11":"purchasable","12":"product-type-simple"},"aioseo_notices":[],"_links":{"self":[{"href":"https:\/\/graviteon.com.br\/index.php\/wp-json\/wp\/v2\/product\/6694","targetHints":{"allow":["GET"]}}],"collection":[{"href":"https:\/\/graviteon.com.br\/index.php\/wp-json\/wp\/v2\/product"}],"about":[{"href":"https:\/\/graviteon.com.br\/index.php\/wp-json\/wp\/v2\/types\/product"}],"wp:featuredmedia":[{"embeddable":true,"href":"https:\/\/graviteon.com.br\/index.php\/wp-json\/wp\/v2\/media\/6695"}],"wp:attachment":[{"href":"https:\/\/graviteon.com.br\/index.php\/wp-json\/wp\/v2\/media?parent=6694"}],"wp:term":[{"taxonomy":"product_cat","embeddable":true,"href":"https:\/\/graviteon.com.br\/index.php\/wp-json\/wp\/v2\/product_cat?post=6694"},{"taxonomy":"product_tag","embeddable":true,"href":"https:\/\/graviteon.com.br\/index.php\/wp-json\/wp\/v2\/product_tag?post=6694"}],"curies":[{"name":"wp","href":"https:\/\/api.w.org\/{rel}","templated":true}]}}