{"id":6692,"date":"2021-04-26T11:17:45","date_gmt":"2021-04-26T14:17:45","guid":{"rendered":"https:\/\/graviteon.com.br\/?post_type=product&#038;p=6692"},"modified":"2021-04-26T11:17:45","modified_gmt":"2021-04-26T14:17:45","slug":"cartoes-com-codigo-de-barras","status":"publish","type":"product","link":"https:\/\/graviteon.com.br\/index.php\/product\/cartoes-com-codigo-de-barras\/","title":{"rendered":"Cart\u00f5es com c\u00f3digo de barras"},"content":{"rendered":"","protected":false},"excerpt":{"rendered":"<p>Mini cards, para academias que utilizam catracas de acesso, clubes, etc.<\/p>\n<p>Com os mini cards, al\u00e9m de divulgar sua marca, al\u00e9m ainda lhe redem lucro, para ajudar no pagamento e manuten\u00e7\u00e3o dos equipamentos de acesso, como catracas eletr\u00f4nicas. Consulte os nossos vendedores para maiores informa\u00e7\u00f5es.<\/p>\n","protected":false},"featured_media":6693,"template":"","meta":{"om_disable_all_campaigns":false,"inline_featured_image":false,"_monsterinsights_skip_tracking":false,"_monsterinsights_sitenote_active":false,"_monsterinsights_sitenote_note":"","_monsterinsights_sitenote_category":0},"product_cat":[57],"product_tag":[],"class_list":{"0":"post-6692","1":"product","2":"type-product","3":"status-publish","4":"has-post-thumbnail","6":"product_cat-min-card-com-codigo-de-barras","8":"first","9":"instock","10":"shipping-taxable","11":"purchasable","12":"product-type-simple"},"aioseo_notices":[],"_links":{"self":[{"href":"https:\/\/graviteon.com.br\/index.php\/wp-json\/wp\/v2\/product\/6692","targetHints":{"allow":["GET"]}}],"collection":[{"href":"https:\/\/graviteon.com.br\/index.php\/wp-json\/wp\/v2\/product"}],"about":[{"href":"https:\/\/graviteon.com.br\/index.php\/wp-json\/wp\/v2\/types\/product"}],"wp:featuredmedia":[{"embeddable":true,"href":"https:\/\/graviteon.com.br\/index.php\/wp-json\/wp\/v2\/media\/6693"}],"wp:attachment":[{"href":"https:\/\/graviteon.com.br\/index.php\/wp-json\/wp\/v2\/media?parent=6692"}],"wp:term":[{"taxonomy":"product_cat","embeddable":true,"href":"https:\/\/graviteon.com.br\/index.php\/wp-json\/wp\/v2\/product_cat?post=6692"},{"taxonomy":"product_tag","embeddable":true,"href":"https:\/\/graviteon.com.br\/index.php\/wp-json\/wp\/v2\/product_tag?post=6692"}],"curies":[{"name":"wp","href":"https:\/\/api.w.org\/{rel}","templated":true}]}}