{"id":6690,"date":"2021-04-26T11:12:54","date_gmt":"2021-04-26T14:12:54","guid":{"rendered":"https:\/\/graviteon.com.br\/?post_type=product&#038;p=6690"},"modified":"2021-04-26T11:12:55","modified_gmt":"2021-04-26T14:12:55","slug":"cardapio-personalizado","status":"publish","type":"product","link":"https:\/\/graviteon.com.br\/index.php\/product\/cardapio-personalizado\/","title":{"rendered":"Card\u00e1pio personalizado"},"content":{"rendered":"","protected":false},"excerpt":{"rendered":"<p>Os\u00a0<b>Card\u00e1pios Personalizados<\/b>\u00a0s\u00e3o materiais gr\u00e1ficos que t\u00eam a fun\u00e7\u00e3o de informar sobre alimentos e bebidas servidos em estabelecimentos gastron\u00f4micos, ao mesmo tempo em que<b>\u00a0devem refletir a personalidade do ambiente<\/b>. Al\u00e9m disso, os Card\u00e1pios facilitam o atendimento e incentivam o consumo por meio de imagens e descri\u00e7\u00f5es dos produtos em uma\u00a0<b>impress\u00e3o impec\u00e1vel<\/b>.<\/p>\n","protected":false},"featured_media":6691,"template":"","meta":{"om_disable_all_campaigns":false,"inline_featured_image":false,"_monsterinsights_skip_tracking":false,"_monsterinsights_sitenote_active":false,"_monsterinsights_sitenote_note":"","_monsterinsights_sitenote_category":0},"product_cat":[52],"product_tag":[],"class_list":{"0":"post-6690","1":"product","2":"type-product","3":"status-publish","4":"has-post-thumbnail","6":"product_cat-cardapios-em-pvc","8":"first","9":"instock","10":"shipping-taxable","11":"purchasable","12":"product-type-simple"},"aioseo_notices":[],"_links":{"self":[{"href":"https:\/\/graviteon.com.br\/index.php\/wp-json\/wp\/v2\/product\/6690","targetHints":{"allow":["GET"]}}],"collection":[{"href":"https:\/\/graviteon.com.br\/index.php\/wp-json\/wp\/v2\/product"}],"about":[{"href":"https:\/\/graviteon.com.br\/index.php\/wp-json\/wp\/v2\/types\/product"}],"wp:featuredmedia":[{"embeddable":true,"href":"https:\/\/graviteon.com.br\/index.php\/wp-json\/wp\/v2\/media\/6691"}],"wp:attachment":[{"href":"https:\/\/graviteon.com.br\/index.php\/wp-json\/wp\/v2\/media?parent=6690"}],"wp:term":[{"taxonomy":"product_cat","embeddable":true,"href":"https:\/\/graviteon.com.br\/index.php\/wp-json\/wp\/v2\/product_cat?post=6690"},{"taxonomy":"product_tag","embeddable":true,"href":"https:\/\/graviteon.com.br\/index.php\/wp-json\/wp\/v2\/product_tag?post=6690"}],"curies":[{"name":"wp","href":"https:\/\/api.w.org\/{rel}","templated":true}]}}