{"id":6688,"date":"2021-04-26T11:04:56","date_gmt":"2021-04-26T14:04:56","guid":{"rendered":"https:\/\/graviteon.com.br\/?post_type=product&#038;p=6688"},"modified":"2021-04-26T11:04:56","modified_gmt":"2021-04-26T14:04:56","slug":"comanda-personalizada","status":"publish","type":"product","link":"https:\/\/graviteon.com.br\/index.php\/product\/comanda-personalizada\/","title":{"rendered":"Comanda personalizada"},"content":{"rendered":"","protected":false},"excerpt":{"rendered":"<p>Nossas fichas de consumo possuem alta qualidade, podendo ser personalizadas de acordo com sua necessidade tanto frente como verso, com c\u00f3digo de barras pr\u00f3prio, pode ser utilizada em qualquer equipamento de leitura de c\u00f3digo de barras, proporcionando seguran\u00e7a no controle de bar, eventos e toda solu\u00e7\u00f5es no controle de estoque para bares, boates e restaurantes.<\/p>\n<p>Ex: Cerveja, Agua, Refri, Cigarro, Whisky, Vodka, Tira-gosto etc.<\/p>\n","protected":false},"featured_media":6689,"template":"","meta":{"om_disable_all_campaigns":false,"inline_featured_image":false,"_monsterinsights_skip_tracking":false,"_monsterinsights_sitenote_active":false,"_monsterinsights_sitenote_note":"","_monsterinsights_sitenote_category":0},"product_cat":[53],"product_tag":[],"class_list":{"0":"post-6688","1":"product","2":"type-product","3":"status-publish","4":"has-post-thumbnail","6":"product_cat-comandas-para-restaurantes","8":"first","9":"instock","10":"shipping-taxable","11":"purchasable","12":"product-type-simple"},"aioseo_notices":[],"_links":{"self":[{"href":"https:\/\/graviteon.com.br\/index.php\/wp-json\/wp\/v2\/product\/6688","targetHints":{"allow":["GET"]}}],"collection":[{"href":"https:\/\/graviteon.com.br\/index.php\/wp-json\/wp\/v2\/product"}],"about":[{"href":"https:\/\/graviteon.com.br\/index.php\/wp-json\/wp\/v2\/types\/product"}],"wp:featuredmedia":[{"embeddable":true,"href":"https:\/\/graviteon.com.br\/index.php\/wp-json\/wp\/v2\/media\/6689"}],"wp:attachment":[{"href":"https:\/\/graviteon.com.br\/index.php\/wp-json\/wp\/v2\/media?parent=6688"}],"wp:term":[{"taxonomy":"product_cat","embeddable":true,"href":"https:\/\/graviteon.com.br\/index.php\/wp-json\/wp\/v2\/product_cat?post=6688"},{"taxonomy":"product_tag","embeddable":true,"href":"https:\/\/graviteon.com.br\/index.php\/wp-json\/wp\/v2\/product_tag?post=6688"}],"curies":[{"name":"wp","href":"https:\/\/api.w.org\/{rel}","templated":true}]}}