{"id":6686,"date":"2021-04-26T10:59:09","date_gmt":"2021-04-26T13:59:09","guid":{"rendered":"https:\/\/graviteon.com.br\/?post_type=product&#038;p=6686"},"modified":"2021-04-26T10:59:10","modified_gmt":"2021-04-26T13:59:10","slug":"roller-clip-clip-retrateis-para-crachas","status":"publish","type":"product","link":"https:\/\/graviteon.com.br\/index.php\/product\/roller-clip-clip-retrateis-para-crachas\/","title":{"rendered":"Roller Clip &#8211; Clip retr\u00e1teis para crach\u00e1s"},"content":{"rendered":"","protected":false},"excerpt":{"rendered":"<p>Porta Crach\u00e1 Retr\u00e1til Pl\u00e1stico, tamb\u00e9m conhecido como ROLLER CLIP, possui sistema extensor em Nylon que ap\u00f3s puxar e recolhido automaticamente, possui tamb\u00e9m uma presilha na parte traseira e uma al\u00e7a pl\u00e1stica com bot\u00e3o.<\/p>\n","protected":false},"featured_media":6687,"template":"","meta":{"om_disable_all_campaigns":false,"inline_featured_image":false,"_monsterinsights_skip_tracking":false,"_monsterinsights_sitenote_active":false,"_monsterinsights_sitenote_note":"","_monsterinsights_sitenote_category":0},"product_cat":[54],"product_tag":[],"class_list":{"0":"post-6686","1":"product","2":"type-product","3":"status-publish","4":"has-post-thumbnail","6":"product_cat-clips-retrateis-para-crachas","8":"first","9":"instock","10":"shipping-taxable","11":"purchasable","12":"product-type-simple"},"aioseo_notices":[],"_links":{"self":[{"href":"https:\/\/graviteon.com.br\/index.php\/wp-json\/wp\/v2\/product\/6686","targetHints":{"allow":["GET"]}}],"collection":[{"href":"https:\/\/graviteon.com.br\/index.php\/wp-json\/wp\/v2\/product"}],"about":[{"href":"https:\/\/graviteon.com.br\/index.php\/wp-json\/wp\/v2\/types\/product"}],"wp:featuredmedia":[{"embeddable":true,"href":"https:\/\/graviteon.com.br\/index.php\/wp-json\/wp\/v2\/media\/6687"}],"wp:attachment":[{"href":"https:\/\/graviteon.com.br\/index.php\/wp-json\/wp\/v2\/media?parent=6686"}],"wp:term":[{"taxonomy":"product_cat","embeddable":true,"href":"https:\/\/graviteon.com.br\/index.php\/wp-json\/wp\/v2\/product_cat?post=6686"},{"taxonomy":"product_tag","embeddable":true,"href":"https:\/\/graviteon.com.br\/index.php\/wp-json\/wp\/v2\/product_tag?post=6686"}],"curies":[{"name":"wp","href":"https:\/\/api.w.org\/{rel}","templated":true}]}}