{"id":6682,"date":"2021-04-26T10:48:12","date_gmt":"2021-04-26T13:48:12","guid":{"rendered":"https:\/\/graviteon.com.br\/?post_type=product&#038;p=6682"},"modified":"2021-04-26T10:49:55","modified_gmt":"2021-04-26T13:49:55","slug":"cracha-personalizado","status":"publish","type":"product","link":"https:\/\/graviteon.com.br\/index.php\/product\/cracha-personalizado\/","title":{"rendered":"Crach\u00e1 personalizado"},"content":{"rendered":"<p>Nossos crach\u00e1s possuem\u00a0<span class=\"style4\"><strong>12 meses<\/strong><\/span>\u00a0de garantia \u00e1 partir da data de confec\u00e7\u00e3o, trocamos o cart\u00e3o sem custo e temos um prazo de entrega de at\u00e9 48* horas(at\u00e9 50 cart\u00f5es).<\/p>\n<p>Temos op\u00e7\u00e3o de v\u00e1rios leiautes prontos ou personalizados para cada empresa assim tornado a identifica\u00e7\u00e3o da sua empresa \u00fanica. Produzido com o material seed e um pl\u00e1stico especial o polaseal de 10 mil\u00edmetros torna nossos produtos os melhores do mercado com um pre\u00e7o insuper\u00e1vel.<\/p>\n","protected":false},"excerpt":{"rendered":"<p>Prestamos servi\u00e7os a todas empresas que querem dar uma nova vis\u00e3o a sua categoria, seja para identifica\u00e7\u00e3o dos funcion\u00e1rios a seus clientes ou para marca\u00e7\u00e3o de ponto eletr\u00f4nico (trabalhamos com todos os rel\u00f3gios informatizados).<br \/>\nNossa empresa produz o que a de mais moderno em rela\u00e7\u00e3o a cart\u00e3o de ponto, carteirinha estudantil, cart\u00f5es de fidelidade e identifica\u00e7\u00e3o com um material apropriado para cada ramo de atividade.<\/p>\n","protected":false},"featured_media":6683,"template":"","meta":{"om_disable_all_campaigns":false,"inline_featured_image":false,"_monsterinsights_skip_tracking":false,"_monsterinsights_sitenote_active":false,"_monsterinsights_sitenote_note":"","_monsterinsights_sitenote_category":0},"product_cat":[51],"product_tag":[],"class_list":{"0":"post-6682","1":"product","2":"type-product","3":"status-publish","4":"has-post-thumbnail","6":"product_cat-crachas-em-pvc","8":"first","9":"instock","10":"shipping-taxable","11":"purchasable","12":"product-type-simple"},"aioseo_notices":[],"_links":{"self":[{"href":"https:\/\/graviteon.com.br\/index.php\/wp-json\/wp\/v2\/product\/6682","targetHints":{"allow":["GET"]}}],"collection":[{"href":"https:\/\/graviteon.com.br\/index.php\/wp-json\/wp\/v2\/product"}],"about":[{"href":"https:\/\/graviteon.com.br\/index.php\/wp-json\/wp\/v2\/types\/product"}],"wp:featuredmedia":[{"embeddable":true,"href":"https:\/\/graviteon.com.br\/index.php\/wp-json\/wp\/v2\/media\/6683"}],"wp:attachment":[{"href":"https:\/\/graviteon.com.br\/index.php\/wp-json\/wp\/v2\/media?parent=6682"}],"wp:term":[{"taxonomy":"product_cat","embeddable":true,"href":"https:\/\/graviteon.com.br\/index.php\/wp-json\/wp\/v2\/product_cat?post=6682"},{"taxonomy":"product_tag","embeddable":true,"href":"https:\/\/graviteon.com.br\/index.php\/wp-json\/wp\/v2\/product_tag?post=6682"}],"curies":[{"name":"wp","href":"https:\/\/api.w.org\/{rel}","templated":true}]}}